{"id":363,"date":"2024-08-15T22:34:27","date_gmt":"2024-08-15T22:34:27","guid":{"rendered":"https:\/\/acerocuellarehijos.com\/newpage\/?page_id=363"},"modified":"2024-08-21T16:20:15","modified_gmt":"2024-08-21T16:20:15","slug":"portafolio","status":"publish","type":"page","link":"https:\/\/acerocuellarehijos.com\/newpage\/portafolio\/","title":{"rendered":"PORTAFOLIO"},"content":{"rendered":"<p>[et_pb_section fb_built=\u00bb1&#8243; admin_label=\u00bbHeader\u00bb _builder_version=\u00bb4.27.0&#8243; _module_preset=\u00bbdefault\u00bb background_color=\u00bb#fffa00&#8243; collapsed=\u00bbon\u00bb global_colors_info=\u00bb{}\u00bb][et_pb_row column_structure=\u00bb2_3,1_3&#8243; _builder_version=\u00bb4.17.3&#8243; _module_preset=\u00bbdefault\u00bb global_colors_info=\u00bb{}\u00bb][et_pb_column type=\u00bb2_3&#8243; _builder_version=\u00bb4.17.3&#8243; _module_preset=\u00bbdefault\u00bb global_colors_info=\u00bb{}\u00bb][et_pb_text _builder_version=\u00bb4.27.0&#8243; _module_preset=\u00bbe6504a1b-67eb-4b3d-b023-bcab277610b6&#8243; header_4_font=\u00bbMichroma|700||on|||||\u00bb header_4_text_color=\u00bb#000000&#8243; header_4_font_size=\u00bb14px\u00bb header_4_letter_spacing=\u00bb1px\u00bb header_4_line_height=\u00bb1.4em\u00bb custom_margin=\u00bb||0px||false|false\u00bb global_colors_info=\u00bb{}\u00bb]<\/p>\n<h4>ACERO CUELLAR E HIJOS<\/h4>\n<p>[\/et_pb_text][et_pb_text _builder_version=\u00bb4.27.0&#8243; _module_preset=\u00bbc16985e1-e0d6-4022-964d-e2bfc04fa633&#8243; header_font=\u00bbRubik|800|||||||\u00bb header_text_color=\u00bb#000000&#8243; header_font_size=\u00bb54px\u00bb header_line_height=\u00bb1.2em\u00bb header_font_size_tablet=\u00bb40px\u00bb header_font_size_phone=\u00bb24px\u00bb header_font_size_last_edited=\u00bbon|desktop\u00bb global_colors_info=\u00bb{}\u00bb]<\/p>\n<h1>LINEAS DE NEGOCIO<\/h1>\n<p>[\/et_pb_text][\/et_pb_column][et_pb_column type=\u00bb1_3&#8243; _builder_version=\u00bb4.17.3&#8243; _module_preset=\u00bbdefault\u00bb custom_padding=\u00bb50px||||false|false\u00bb custom_padding_tablet=\u00bb0px||||false|false\u00bb custom_padding_phone=\u00bb0px||||false|false\u00bb custom_padding_last_edited=\u00bbon|tablet\u00bb global_colors_info=\u00bb{}\u00bb][et_pb_text _builder_version=\u00bb4.27.0&#8243; _module_preset=\u00bb1f09816e-184e-4ce5-a4cf-b39c52c423ca\u00bb text_font=\u00bbRubik||||||||\u00bb text_text_color=\u00bb#000000&#8243; text_font_size=\u00bb17px\u00bb text_line_height=\u00bb1.8em\u00bb text_font_size_tablet=\u00bb15px\u00bb text_font_size_phone=\u00bb14px\u00bb text_font_size_last_edited=\u00bbon|phone\u00bb header_font_size_tablet=\u00bb55px\u00bb header_font_size_last_edited=\u00bboff|desktop\u00bb global_colors_info=\u00bb{}\u00bb]<\/p>\n<p><span>Gracias a la solidez y experiencia de la compa\u00f1\u00eda nos hemos afianzado como l\u00edderes en el sector sider\u00fargico<\/span><\/p>\n<p>[\/et_pb_text][\/et_pb_column][\/et_pb_row][\/et_pb_section][et_pb_section fb_built=\u00bb1&#8243; admin_label=\u00bbFullwidth Image\u00bb _builder_version=\u00bb4.17.3&#8243; _module_preset=\u00bbdefault\u00bb custom_padding=\u00bb0px||0px||true|false\u00bb locked=\u00bboff\u00bb collapsed=\u00bbon\u00bb global_colors_info=\u00bb{}\u00bb][et_pb_row _builder_version=\u00bb4.17.3&#8243; _module_preset=\u00bbdefault\u00bb width=\u00bb100%\u00bb max_width=\u00bbnone\u00bb custom_padding=\u00bb0px||0px||true|false\u00bb global_colors_info=\u00bb{}\u00bb][et_pb_column type=\u00bb4_4&#8243; _builder_version=\u00bb4.17.3&#8243; _module_preset=\u00bbdefault\u00bb global_colors_info=\u00bb{}\u00bb][et_pb_image src=\u00bbhttps:\/\/acerocuellarehijos.com\/newpage\/wp-content\/uploads\/2024\/08\/Sin-titulo-2.jpg\u00bb title_text=\u00bbSin-t\u00edtulo-2&#8243; force_fullwidth=\u00bbon\u00bb _builder_version=\u00bb4.27.0&#8243; _module_preset=\u00bbdefault\u00bb global_colors_info=\u00bb{}\u00bb][\/et_pb_image][\/et_pb_column][\/et_pb_row][\/et_pb_section][et_pb_section fb_built=\u00bb1&#8243; admin_label=\u00bbRelated Projects\u00bb _builder_version=\u00bb4.17.3&#8243; _module_preset=\u00bbdefault\u00bb background_color=\u00bb#000000&#8243; collapsed=\u00bbon\u00bb global_colors_info=\u00bb{}\u00bb][et_pb_row _builder_version=\u00bb4.17.3&#8243; _module_preset=\u00bbdefault\u00bb global_colors_info=\u00bb{}\u00bb][et_pb_column type=\u00bb4_4&#8243; _builder_version=\u00bb4.17.3&#8243; _module_preset=\u00bbdefault\u00bb global_colors_info=\u00bb{}\u00bb][et_pb_text _builder_version=\u00bb4.27.0&#8243; _module_preset=\u00bbb327cbe4-b1d5-4b66-ad37-40c8f2f061ba\u00bb header_2_font=\u00bbRubik|700|||||||\u00bb header_2_text_color=\u00bb#FFFFFF\u00bb header_2_font_size=\u00bb60px\u00bb header_2_line_height=\u00bb1.2em\u00bb custom_margin=\u00bb||0px||false|false\u00bb hover_enabled=\u00bb0&#8243; header_2_font_size_tablet=\u00bb32px\u00bb header_2_font_size_phone=\u00bb27px\u00bb header_2_font_size_last_edited=\u00bbon|phone\u00bb global_colors_info=\u00bb{}\u00bb sticky_enabled=\u00bb0&#8243;]<\/p>\n<h2>Galeria de<span style=\"color: #ffff00;\"> Proyectos<\/span><\/h2>\n<p>[\/et_pb_text][\/et_pb_column][\/et_pb_row][et_pb_row _builder_version=\u00bb4.17.3&#8243; _module_preset=\u00bbdefault\u00bb locked=\u00bboff\u00bb global_colors_info=\u00bb{}\u00bb][et_pb_column type=\u00bb4_4&#8243; _builder_version=\u00bb4.17.3&#8243; _module_preset=\u00bbdefault\u00bb border_color_all=\u00bb#FFFFFF\u00bb border_width_top=\u00bb2px\u00bb global_colors_info=\u00bb{}\u00bb][et_pb_button button_text=\u00bboxocicorte\u00bb button_alignment=\u00bbright\u00bb button_alignment_tablet=\u00bbleft\u00bb button_alignment_phone=\u00bbleft\u00bb button_alignment_last_edited=\u00bbon|tablet\u00bb _builder_version=\u00bb4.27.0&#8243; _module_preset=\u00bbf489fdc3-bf1e-40c7-852b-c42851d4acb9&#8243; custom_button=\u00bbon\u00bb button_text_size=\u00bb14px\u00bb button_text_color=\u00bb#FFFFFF\u00bb button_bg_color=\u00bbRGBA(255,255,255,0)\u00bb button_border_color=\u00bb#FFFFFF\u00bb button_border_radius=\u00bb0px\u00bb button_letter_spacing=\u00bb2px\u00bb button_font=\u00bbInter|700||on|||||\u00bb button_icon=\u00bb&#xf061;||fa||900&#8243; button_on_hover=\u00bboff\u00bb custom_margin=\u00bb-2px||||false|false\u00bb custom_padding=\u00bb12px|38px|12px|18px|true|false\u00bb button_text_size_tablet=\u00bb\u00bb button_text_size_phone=\u00bb\u00bb button_text_size_last_edited=\u00bbon|desktop\u00bb global_colors_info=\u00bb{}\u00bb][\/et_pb_button][wdcl_image_carousel is_variable_width=\u00bbon\u00bb use_lightbox=\u00bbon\u00bb _builder_version=\u00bb4.27.0&#8243; _module_preset=\u00bbdefault\u00bb animation_style=\u00bbslide\u00bb global_colors_info=\u00bb{}\u00bb][wdcl_image_carousel_child photo=\u00bbhttps:\/\/acerocuellarehijos.com\/newpage\/wp-content\/uploads\/2024\/08\/OXICORTE-_1.jpg\u00bb image_hover_animation=\u00bbswing\u00bb overlay_bg_color=\u00bbRGBA(255,255,255,0)\u00bb _builder_version=\u00bb4.27.0&#8243; title_level=\u00bbh2&#8243; title_font=\u00bbMontserrat|700|||||||\u00bb title_text_color=\u00bb#FFFFFF\u00bb title_line_height=\u00bb1em\u00bb text_orientation=\u00bbcenter\u00bb global_colors_info=\u00bb{}\u00bb][\/wdcl_image_carousel_child][wdcl_image_carousel_child photo=\u00bbhttps:\/\/acerocuellarehijos.com\/newpage\/wp-content\/uploads\/2024\/08\/OXICORTE_3.jpg\u00bb _builder_version=\u00bb4.27.0&#8243; global_colors_info=\u00bb{}\u00bb][\/wdcl_image_carousel_child][wdcl_image_carousel_child photo=\u00bbhttps:\/\/acerocuellarehijos.com\/newpage\/wp-content\/uploads\/2024\/08\/OXIORTE_2.jpg\u00bb _builder_version=\u00bb4.27.0&#8243; global_colors_info=\u00bb{}\u00bb][\/wdcl_image_carousel_child][wdcl_image_carousel_child photo=\u00bbhttps:\/\/acerocuellarehijos.com\/newpage\/wp-content\/uploads\/2024\/08\/OXICOR_4.jpg\u00bb _builder_version=\u00bb4.27.0&#8243; global_colors_info=\u00bb{}\u00bb][\/wdcl_image_carousel_child][wdcl_image_carousel_child photo=\u00bbhttps:\/\/acerocuellarehijos.com\/newpage\/wp-content\/uploads\/2024\/08\/OXICORTE_5.jpg\u00bb _builder_version=\u00bb4.27.0&#8243; global_colors_info=\u00bb{}\u00bb][\/wdcl_image_carousel_child][wdcl_image_carousel_child photo=\u00bbhttps:\/\/acerocuellarehijos.com\/newpage\/wp-content\/uploads\/2024\/08\/OXICORTE_6.jpg\u00bb _builder_version=\u00bb4.27.0&#8243; global_colors_info=\u00bb{}\u00bb][\/wdcl_image_carousel_child][wdcl_image_carousel_child photo=\u00bbhttps:\/\/acerocuellarehijos.com\/newpage\/wp-content\/uploads\/2024\/08\/OXICORTE_7.jpg\u00bb _builder_version=\u00bb4.27.0&#8243; global_colors_info=\u00bb{}\u00bb][\/wdcl_image_carousel_child][\/wdcl_image_carousel][\/et_pb_column][\/et_pb_row][et_pb_row _builder_version=\u00bb4.27.0&#8243; _module_preset=\u00bbdefault\u00bb global_colors_info=\u00bb{}\u00bb][et_pb_column type=\u00bb4_4&#8243; _builder_version=\u00bb4.27.0&#8243; _module_preset=\u00bbdefault\u00bb global_colors_info=\u00bb{}\u00bb][et_pb_button button_text=\u00bb Flota Vehicular\u00bb button_alignment=\u00bbright\u00bb button_alignment_tablet=\u00bbleft\u00bb button_alignment_phone=\u00bbleft\u00bb button_alignment_last_edited=\u00bbon|tablet\u00bb _builder_version=\u00bb4.27.0&#8243; _module_preset=\u00bbf489fdc3-bf1e-40c7-852b-c42851d4acb9&#8243; custom_button=\u00bbon\u00bb button_text_size=\u00bb14px\u00bb button_text_color=\u00bb#FFFFFF\u00bb button_bg_color=\u00bbRGBA(255,255,255,0)\u00bb button_border_color=\u00bb#FFFFFF\u00bb button_border_radius=\u00bb0px\u00bb button_letter_spacing=\u00bb2px\u00bb button_font=\u00bbInter|700||on|||||\u00bb button_icon=\u00bb&#xf061;||fa||900&#8243; button_on_hover=\u00bboff\u00bb custom_margin=\u00bb-2px||||false|false\u00bb custom_padding=\u00bb12px|38px|12px|18px|true|false\u00bb button_text_size_tablet=\u00bb\u00bb button_text_size_phone=\u00bb\u00bb button_text_size_last_edited=\u00bbon|desktop\u00bb global_colors_info=\u00bb{}\u00bb][\/et_pb_button][\/et_pb_column][\/et_pb_row][et_pb_row _builder_version=\u00bb4.27.0&#8243; _module_preset=\u00bbdefault\u00bb global_colors_info=\u00bb{}\u00bb][et_pb_column type=\u00bb4_4&#8243; _builder_version=\u00bb4.27.0&#8243; _module_preset=\u00bbdefault\u00bb global_colors_info=\u00bb{}\u00bb][wdcl_image_carousel is_variable_width=\u00bbon\u00bb custom_cursor=\u00bbon\u00bb use_lightbox=\u00bbon\u00bb _builder_version=\u00bb4.27.0&#8243; _module_preset=\u00bbdefault\u00bb animation_style=\u00bbslide\u00bb global_colors_info=\u00bb{}\u00bb][wdcl_image_carousel_child photo=\u00bbhttps:\/\/acerocuellarehijos.com\/newpage\/wp-content\/uploads\/2024\/08\/VEHICULOACERO_1.jpg\u00bb _builder_version=\u00bb4.27.0&#8243; global_colors_info=\u00bb{}\u00bb][\/wdcl_image_carousel_child][wdcl_image_carousel_child photo=\u00bbhttps:\/\/acerocuellarehijos.com\/newpage\/wp-content\/uploads\/2024\/08\/VEHICULOS-_2.jpg\u00bb _builder_version=\u00bb4.27.0&#8243; global_colors_info=\u00bb{}\u00bb][\/wdcl_image_carousel_child][wdcl_image_carousel_child photo=\u00bbhttps:\/\/acerocuellarehijos.com\/newpage\/wp-content\/uploads\/2024\/08\/VEHICULOS-ACERO_4.jpg\u00bb _builder_version=\u00bb4.27.0&#8243; global_colors_info=\u00bb{}\u00bb][\/wdcl_image_carousel_child][wdcl_image_carousel_child photo=\u00bbhttps:\/\/acerocuellarehijos.com\/newpage\/wp-content\/uploads\/2024\/08\/VEHICULOS-7.jpg\u00bb _builder_version=\u00bb4.27.0&#8243; global_colors_info=\u00bb{}\u00bb][\/wdcl_image_carousel_child][wdcl_image_carousel_child photo=\u00bbhttps:\/\/acerocuellarehijos.com\/newpage\/wp-content\/uploads\/2024\/08\/VEHICULOS.jpg\u00bb _builder_version=\u00bb4.27.0&#8243; global_colors_info=\u00bb{}\u00bb][\/wdcl_image_carousel_child][wdcl_image_carousel_child photo=\u00bbhttps:\/\/acerocuellarehijos.com\/newpage\/wp-content\/uploads\/2024\/08\/VEHICULOS-_9.jpg\u00bb _builder_version=\u00bb4.27.0&#8243; global_colors_info=\u00bb{}\u00bb][\/wdcl_image_carousel_child][wdcl_image_carousel_child photo=\u00bbhttps:\/\/acerocuellarehijos.com\/newpage\/wp-content\/uploads\/2024\/08\/VEHICULO_3.jpg\u00bb _builder_version=\u00bb4.27.0&#8243; global_colors_info=\u00bb{}\u00bb][\/wdcl_image_carousel_child][\/wdcl_image_carousel][\/et_pb_column][\/et_pb_row][et_pb_row _builder_version=\u00bb4.27.0&#8243; _module_preset=\u00bbdefault\u00bb global_colors_info=\u00bb{}\u00bb][et_pb_column type=\u00bb4_4&#8243; _builder_version=\u00bb4.27.0&#8243; _module_preset=\u00bbdefault\u00bb global_colors_info=\u00bb{}\u00bb][et_pb_button button_text=\u00bbDESINTEGRACI\u00d3N\u00bb button_alignment=\u00bbright\u00bb button_alignment_tablet=\u00bbleft\u00bb button_alignment_phone=\u00bbleft\u00bb button_alignment_last_edited=\u00bbon|tablet\u00bb _builder_version=\u00bb4.27.0&#8243; _module_preset=\u00bbf489fdc3-bf1e-40c7-852b-c42851d4acb9&#8243; custom_button=\u00bbon\u00bb button_text_size=\u00bb14px\u00bb button_text_color=\u00bb#FFFFFF\u00bb button_bg_color=\u00bbRGBA(255,255,255,0)\u00bb button_border_color=\u00bb#FFFFFF\u00bb button_border_radius=\u00bb0px\u00bb button_letter_spacing=\u00bb2px\u00bb button_font=\u00bbInter|700||on|||||\u00bb button_icon=\u00bb&#xf061;||fa||900&#8243; button_on_hover=\u00bboff\u00bb custom_margin=\u00bb-2px||||false|false\u00bb custom_padding=\u00bb12px|38px|12px|18px|true|false\u00bb button_text_size_tablet=\u00bb\u00bb button_text_size_phone=\u00bb\u00bb button_text_size_last_edited=\u00bbon|desktop\u00bb global_colors_info=\u00bb{}\u00bb][\/et_pb_button][\/et_pb_column][\/et_pb_row][et_pb_row _builder_version=\u00bb4.27.0&#8243; _module_preset=\u00bbdefault\u00bb global_colors_info=\u00bb{}\u00bb][et_pb_column type=\u00bb4_4&#8243; _builder_version=\u00bb4.27.0&#8243; _module_preset=\u00bbdefault\u00bb global_colors_info=\u00bb{}\u00bb][wdcl_image_carousel is_variable_width=\u00bbon\u00bb use_lightbox=\u00bbon\u00bb _builder_version=\u00bb4.27.0&#8243; _module_preset=\u00bbdefault\u00bb animation_style=\u00bbslide\u00bb global_colors_info=\u00bb{}\u00bb][wdcl_image_carousel_child photo=\u00bbhttps:\/\/acerocuellarehijos.com\/newpage\/wp-content\/uploads\/2024\/08\/CHATARRA_1.jpg\u00bb _builder_version=\u00bb4.27.0&#8243; global_colors_info=\u00bb{}\u00bb][\/wdcl_image_carousel_child][wdcl_image_carousel_child photo=\u00bbhttps:\/\/acerocuellarehijos.com\/newpage\/wp-content\/uploads\/2024\/08\/CHATARRA-2.jpg\u00bb _builder_version=\u00bb4.27.0&#8243; global_colors_info=\u00bb{}\u00bb][\/wdcl_image_carousel_child][wdcl_image_carousel_child photo=\u00bbhttps:\/\/acerocuellarehijos.com\/newpage\/wp-content\/uploads\/2024\/08\/CHATARRA-3.jpg\u00bb _builder_version=\u00bb4.27.0&#8243; global_colors_info=\u00bb{}\u00bb][\/wdcl_image_carousel_child][wdcl_image_carousel_child photo=\u00bbhttps:\/\/acerocuellarehijos.com\/newpage\/wp-content\/uploads\/2024\/08\/CHATARRA-4.jpg\u00bb _builder_version=\u00bb4.27.0&#8243; global_colors_info=\u00bb{}\u00bb][\/wdcl_image_carousel_child][wdcl_image_carousel_child photo=\u00bbhttps:\/\/acerocuellarehijos.com\/newpage\/wp-content\/uploads\/2024\/08\/CHATARRA-6.jpg\u00bb _builder_version=\u00bb4.27.0&#8243; global_colors_info=\u00bb{}\u00bb][\/wdcl_image_carousel_child][wdcl_image_carousel_child photo=\u00bbhttps:\/\/acerocuellarehijos.com\/newpage\/wp-content\/uploads\/2024\/08\/CHATARRA-7.jpg\u00bb _builder_version=\u00bb4.27.0&#8243; global_colors_info=\u00bb{}\u00bb][\/wdcl_image_carousel_child][wdcl_image_carousel_child photo=\u00bbhttps:\/\/acerocuellarehijos.com\/newpage\/wp-content\/uploads\/2024\/08\/CHATARRA-9.jpg\u00bb _builder_version=\u00bb4.27.0&#8243; global_colors_info=\u00bb{}\u00bb][\/wdcl_image_carousel_child][\/wdcl_image_carousel][\/et_pb_column][\/et_pb_row][\/et_pb_section][et_pb_section fb_built=\u00bb1&#8243; admin_label=\u00bbCall to Action\u00bb _builder_version=\u00bb4.27.0&#8243; _module_preset=\u00bbdefault\u00bb background_color=\u00bb#000000&#8243; custom_padding=\u00bb0px||0px||true|false\u00bb animation_style=\u00bbfade\u00bb collapsed=\u00bbon\u00bb global_colors_info=\u00bb{}\u00bb][et_pb_row column_structure=\u00bb1_2,1_4,1_4&#8243; use_custom_gutter=\u00bbon\u00bb gutter_width=\u00bb1&#8243; make_equal=\u00bbon\u00bb _builder_version=\u00bb4.19.0&#8243; _module_preset=\u00bbdefault\u00bb max_width=\u00bbnone\u00bb module_alignment=\u00bbright\u00bb custom_padding=\u00bb0px||0px||true|false\u00bb module_alignment_tablet=\u00bbcenter\u00bb module_alignment_phone=\u00bbcenter\u00bb module_alignment_last_edited=\u00bbon|tablet\u00bb global_colors_info=\u00bb{}\u00bb][et_pb_column type=\u00bb1_2&#8243; _builder_version=\u00bb4.19.0&#8243; _module_preset=\u00bbdefault\u00bb custom_padding=\u00bb60px|60px|60px||true|false\u00bb custom_padding_tablet=\u00bb|0px|||false|false\u00bb custom_padding_phone=\u00bb|0px|||false|false\u00bb custom_padding_last_edited=\u00bbon|desktop\u00bb global_colors_info=\u00bb{}\u00bb][et_pb_text _builder_version=\u00bb4.27.0&#8243; _module_preset=\u00bbabdab8dc-53fc-4fae-bcaa-113ff3b5cdb2&#8243; header_3_font=\u00bbRubik|700|||||||\u00bb hover_enabled=\u00bb0&#8243; global_colors_info=\u00bb{}\u00bb header_3_font_size_last_edited=\u00bbon|phone\u00bb sticky_enabled=\u00bb0&#8243; header_3_font_size_phone=\u00bb23px\u00bb]<\/p>\n<h3>SERVICIOS CON CALIDAD<\/h3>\n<p>[\/et_pb_text][et_pb_accordion toggle_icon=\u00bb&#x4c;||divi||400&#8243; _builder_version=\u00bb4.27.0&#8243; _module_preset=\u00bb5b1df29b-ce47-4c7c-8067-95127358419c\u00bb toggle_font=\u00bbRubik||||||||\u00bb toggle_font_size=\u00bb21px\u00bb locked=\u00bboff\u00bb global_colors_info=\u00bb{%22gcid-9d8d6552-a4b0-4171-847a-f5c0d7177503%22:%91%22body_text_color%22%93}\u00bb][et_pb_accordion_item title=\u00bbContamos con  Certificaci\u00f3n ISO 9001:2015 para Nuestros principales procesos.\u00bb open=\u00bbon\u00bb _builder_version=\u00bb4.27.0&#8243; _module_preset=\u00bbdefault\u00bb custom_padding=\u00bb|0px||0px|false|true\u00bb global_colors_info=\u00bb{}\u00bb]<\/p>\n<p>&nbsp;<\/p>\n<ul>\n<li>Oxicorte<\/li>\n<li>Chatarrizaci\u00f3n de Veh\u00edculos.<\/li>\n<li>Registro operador portuario Nro. 2018112215473087<\/li>\n<\/ul>\n<p>[\/et_pb_accordion_item][\/et_pb_accordion][\/et_pb_column][et_pb_column type=\u00bb1_4&#8243; _builder_version=\u00bb4.19.0&#8243; _module_preset=\u00bbdefault\u00bb background_color=\u00bbgcid-233cd77b-4711-403e-b130-11d9e5b5d115&#8243; custom_padding=\u00bb60px|30px|60px|30px|true|true\u00bb custom_padding_tablet=\u00bb60px|30px|60px|30px|true|true\u00bb custom_padding_phone=\u00bb20px|20px|20px|20px|true|true\u00bb custom_padding_last_edited=\u00bbon|phone\u00bb global_colors_info=\u00bb{%22gcid-233cd77b-4711-403e-b130-11d9e5b5d115%22:%91%22background_color%22%93}\u00bb][et_pb_text _builder_version=\u00bb4.27.0&#8243; _module_preset=\u00bb6255491f-b945-4a80-a9f7-9620c656037e\u00bb header_2_text_color=\u00bb#000000&#8243; header_2_font_size=\u00bb2vw\u00bb custom_margin=\u00bb||10px||false|false\u00bb header_2_font_size_tablet=\u00bb2.5vw\u00bb header_2_font_size_phone=\u00bb2.5vw\u00bb header_2_font_size_last_edited=\u00bboff|desktop\u00bb global_colors_info=\u00bb{}\u00bb]<\/p>\n<h2>Lideres en sector Siderurgico<\/h2>\n<p>[\/et_pb_text][et_pb_button button_text=\u00bbProyectos\u00bb _builder_version=\u00bb4.27.0&#8243; _module_preset=\u00bb05d39340-07ae-4176-97c7-19879e95a74e\u00bb global_colors_info=\u00bb{}\u00bb][\/et_pb_button][\/et_pb_column][et_pb_column type=\u00bb1_4&#8243; _builder_version=\u00bb4.19.0&#8243; _module_preset=\u00bbdefault\u00bb background_image=\u00bbhttps:\/\/acerocuellarehijos.com\/newpage\/wp-content\/uploads\/2024\/08\/construction-company-9.jpg\u00bb global_colors_info=\u00bb{}\u00bb][et_pb_divider show_divider=\u00bboff\u00bb _builder_version=\u00bb4.19.0&#8243; _module_preset=\u00bbdefault\u00bb height_tablet=\u00bb\u00bb height_phone=\u00bb40vw\u00bb height_last_edited=\u00bbon|desktop\u00bb global_colors_info=\u00bb{}\u00bb][\/et_pb_divider][\/et_pb_column][\/et_pb_row][\/et_pb_section]<\/p>\n","protected":false},"excerpt":{"rendered":"<p>ACERO CUELLAR E HIJOSLINEAS DE NEGOCIOGracias a la solidez y experiencia de la compa\u00f1\u00eda nos hemos afianzado como l\u00edderes en el sector sider\u00fargicoGaleria de Proyectos<div class=\"et_pb_module wdcl_image_carousel wdcl_image_carousel_0 et_animated\">\n\t\t\t\t\n\t\t\t\t\n\t\t\t\t\n\t\t\t\t\n\t\t\t\t\n\t\t\t\t\n\t\t\t\t<div class=\"et_pb_module_inner\">\n\t\t\t\t\t<div dir=\"ltr\" class=\"wdcl-carousel wdcl-image-carousel wdcl-carousel-frontend wdcl-lightbox-on\" data-pagi=\"false\"\n\t\t\tdata-pagi-tablet=\"false\"\n\t\t\tdata-pagi-phone=\"false\"\n\t\t\tdata-nav=\"true\"\n\t\t\tdata-nav-tablet=\"true\"\n\t\t\tdata-nav-phone=\"true\"\n\t\t\tdata-autoplay=\"on\"\n\t\t\tdata-autoplay-speed=\"2000ms\"\n\t\t\tdata-speed=\"700ms\"\n\t\t\tdata-slides=\"3\"\n\t\t\tdata-slides-tablet=\"3\"\n\t\t\tdata-slides-phone=\"3\"\n\t\t\tdata-center=\"off\"\n\t\t\tdata-center-mode-type=\"classic\"\n\t\t\tdata-center-padding=\"70px||\"\n\t\t\tdata-vertical=\"off\"\n\t\t\tdata-icon-left=\"4\"\n\t\t\tdata-icon-right=\"5\"\n\t\t\tdata-infinite=\"on\"\n\t\t\tdata-variable-width=\"on\"\n\t\t\tdata-auto-height=\"off\"\n\t\t\tdata-items-scroll=\"1||\"\n\t\t\tdata-fade=\"off\"\n\t\t\tdata-dir=\"ltr\" >\n                \n            <\/div>\n\t\t\t\t<\/div>\n\t\t\t<\/div><div class=\"wdcl_image_carousel_child wdcl_image_carousel_child_0 wdc_et_pb_module\">\n\t\t\t\t\n\t\t\t\t\n\t\t\t\t\n\t\t\t\t\n\t\t\t\t\n\t\t\t\t\n\t\t\t\t<div class=\"et_pb_module_inner\">\n\t\t\t\t\t<div class=\"wdcl-carousel-item wdcl-image-carousel-item wdcl-swapped-img-selector wdcl-hover--swing\">\n\t\t\t\t<figure class=\"wdcl-lightbox-ctrl\">\n\t\t\t\t<div class=\"wdcl-overlay\" data-icon=\"\"><\/div>\n\t\t\t\t<img decoding=\"async\" class=\"wdcl-main-img\" data-mfp-src=\"https:\/\/acerocuellarehijos.com\/newpage\/wp-content\/uploads\/2024\/08\/OXICORTE-_1.jpg\" src=\"https:\/\/acerocuellarehijos.com\/newpage\/wp-content\/uploads\/2024\/08\/OXICORTE-_1.jpg\" alt=\"\"\/>\n            <\/figure> \n\t\t\t<\/div>\n\t\t\t\t<\/div>\n\t\t\t<\/div><div class=\"wdcl_image_carousel_child wdcl_image_carousel_child_1 wdc_et_pb_module\">\n\t\t\t\t\n\t\t\t\t\n\t\t\t\t\n\t\t\t\t\n\t\t\t\t\n\t\t\t\t\n\t\t\t\t<div class=\"et_pb_module_inner\">\n\t\t\t\t\t<div class=\"wdcl-carousel-item wdcl-image-carousel-item wdcl-swapped-img-selector wdcl-hover--none\">\n\t\t\t\t<figure class=\"wdcl-lightbox-ctrl\">\n\t\t\t\t<div class=\"wdcl-overlay\" data-icon=\"\"><\/div>\n\t\t\t\t<img decoding=\"async\" class=\"wdcl-main-img\" data-mfp-src=\"https:\/\/acerocuellarehijos.com\/newpage\/wp-content\/uploads\/2024\/08\/OXICORTE_3.jpg\" src=\"https:\/\/acerocuellarehijos.com\/newpage\/wp-content\/uploads\/2024\/08\/OXICORTE_3.jpg\" alt=\"\"\/>\n            <\/figure> \n\t\t\t<\/div>\n\t\t\t\t<\/div>\n\t\t\t<\/div><div class=\"wdcl_image_carousel_child wdcl_image_carousel_child_2 wdc_et_pb_module\">\n\t\t\t\t\n\t\t\t\t\n\t\t\t\t\n\t\t\t\t\n\t\t\t\t\n\t\t\t\t\n\t\t\t\t<div class=\"et_pb_module_inner\">\n\t\t\t\t\t<div class=\"wdcl-carousel-item wdcl-image-carousel-item wdcl-swapped-img-selector wdcl-hover--none\">\n\t\t\t\t<figure class=\"wdcl-lightbox-ctrl\">\n\t\t\t\t<div class=\"wdcl-overlay\" data-icon=\"\"><\/div>\n\t\t\t\t<img decoding=\"async\" class=\"wdcl-main-img\" data-mfp-src=\"https:\/\/acerocuellarehijos.com\/newpage\/wp-content\/uploads\/2024\/08\/OXIORTE_2.jpg\" src=\"https:\/\/acerocuellarehijos.com\/newpage\/wp-content\/uploads\/2024\/08\/OXIORTE_2.jpg\" alt=\"\"\/>\n            <\/figure> \n\t\t\t<\/div>\n\t\t\t\t<\/div>\n\t\t\t<\/div><div class=\"wdcl_image_carousel_child wdcl_image_carousel_child_3 wdc_et_pb_module\">\n\t\t\t\t\n\t\t\t\t\n\t\t\t\t\n\t\t\t\t\n\t\t\t\t\n\t\t\t\t\n\t\t\t\t<div class=\"et_pb_module_inner\">\n\t\t\t\t\t<div class=\"wdcl-carousel-item wdcl-image-carousel-item wdcl-swapped-img-selector wdcl-hover--none\">\n\t\t\t\t<figure class=\"wdcl-lightbox-ctrl\">\n\t\t\t\t<div class=\"wdcl-overlay\" data-icon=\"\"><\/div>\n\t\t\t\t<img decoding=\"async\" class=\"wdcl-main-img\" data-mfp-src=\"https:\/\/acerocuellarehijos.com\/newpage\/wp-content\/uploads\/2024\/08\/OXICOR_4.jpg\" src=\"https:\/\/acerocuellarehijos.com\/newpage\/wp-content\/uploads\/2024\/08\/OXICOR_4.jpg\" alt=\"\"\/>\n            <\/figure> \n\t\t\t<\/div>\n\t\t\t\t<\/div>\n\t\t\t<\/div><div class=\"wdcl_image_carousel_child wdcl_image_carousel_child_4 wdc_et_pb_module\">\n\t\t\t\t\n\t\t\t\t\n\t\t\t\t\n\t\t\t\t\n\t\t\t\t\n\t\t\t\t\n\t\t\t\t<div class=\"et_pb_module_inner\">\n\t\t\t\t\t<div class=\"wdcl-carousel-item wdcl-image-carousel-item wdcl-swapped-img-selector wdcl-hover--none\">\n\t\t\t\t<figure class=\"wdcl-lightbox-ctrl\">\n\t\t\t\t<div class=\"wdcl-overlay\" data-icon=\"\"><\/div>\n\t\t\t\t<img decoding=\"async\" class=\"wdcl-main-img\" data-mfp-src=\"https:\/\/acerocuellarehijos.com\/newpage\/wp-content\/uploads\/2024\/08\/OXICORTE_5.jpg\" src=\"https:\/\/acerocuellarehijos.com\/newpage\/wp-content\/uploads\/2024\/08\/OXICORTE_5.jpg\" alt=\"\"\/>\n            <\/figure> \n\t\t\t<\/div>\n\t\t\t\t<\/div>\n\t\t\t<\/div><div class=\"wdcl_image_carousel_child wdcl_image_carousel_child_5 wdc_et_pb_module\">\n\t\t\t\t\n\t\t\t\t\n\t\t\t\t\n\t\t\t\t\n\t\t\t\t\n\t\t\t\t\n\t\t\t\t<div class=\"et_pb_module_inner\">\n\t\t\t\t\t<div class=\"wdcl-carousel-item wdcl-image-carousel-item wdcl-swapped-img-selector wdcl-hover--none\">\n\t\t\t\t<figure class=\"wdcl-lightbox-ctrl\">\n\t\t\t\t<div class=\"wdcl-overlay\" data-icon=\"\"><\/div>\n\t\t\t\t<img decoding=\"async\" class=\"wdcl-main-img\" data-mfp-src=\"\u00bbhttps:\/\/acerocuellarehijos.com\/newpage\/wp-content\/uploads\/2024\/08\/OXICORTE_6.jpg\u00bb\" src=\"\u00bbhttps:\/\/acerocuellarehijos.com\/newpage\/wp-content\/uploads\/2024\/08\/OXICORTE_6.jpg\u00bb\" alt=\"\"\/>\n            <\/figure> \n\t\t\t<\/div>\n\t\t\t\t<\/div>\n\t\t\t<\/div><\/p>\n","protected":false},"author":1,"featured_media":0,"parent":0,"menu_order":0,"comment_status":"closed","ping_status":"closed","template":"","meta":{"_et_pb_use_builder":"on","_et_pb_old_content":"","_et_gb_content_width":"","footnotes":""},"class_list":["post-363","page","type-page","status-publish","hentry"],"_links":{"self":[{"href":"https:\/\/acerocuellarehijos.com\/newpage\/wp-json\/wp\/v2\/pages\/363","targetHints":{"allow":["GET"]}}],"collection":[{"href":"https:\/\/acerocuellarehijos.com\/newpage\/wp-json\/wp\/v2\/pages"}],"about":[{"href":"https:\/\/acerocuellarehijos.com\/newpage\/wp-json\/wp\/v2\/types\/page"}],"author":[{"embeddable":true,"href":"https:\/\/acerocuellarehijos.com\/newpage\/wp-json\/wp\/v2\/users\/1"}],"replies":[{"embeddable":true,"href":"https:\/\/acerocuellarehijos.com\/newpage\/wp-json\/wp\/v2\/comments?post=363"}],"version-history":[{"count":23,"href":"https:\/\/acerocuellarehijos.com\/newpage\/wp-json\/wp\/v2\/pages\/363\/revisions"}],"predecessor-version":[{"id":768,"href":"https:\/\/acerocuellarehijos.com\/newpage\/wp-json\/wp\/v2\/pages\/363\/revisions\/768"}],"wp:attachment":[{"href":"https:\/\/acerocuellarehijos.com\/newpage\/wp-json\/wp\/v2\/media?parent=363"}],"curies":[{"name":"wp","href":"https:\/\/api.w.org\/{rel}","templated":true}]}}